{"id":343,"date":"2025-03-21T07:52:38","date_gmt":"2025-03-21T07:52:38","guid":{"rendered":"https:\/\/keyboky.swiss\/it\/prodotto\/keyboky-offline-password-generator-and-manager-2\/"},"modified":"2025-03-26T11:06:26","modified_gmt":"2025-03-26T10:06:26","slug":"il-generatore-gestore-password-offline-definitivo","status":"publish","type":"product","link":"https:\/\/keyboky.swiss\/fr\/negozio\/standard\/keyboky-offline-password-generator-and-manager-2\/","title":{"rendered":"KEYBOKY | G\u00e9n\u00e9rateur et gestionnaire de mots de passe hors ligne"},"content":{"rendered":"<p><strong>KEYBOKY - L'ultime g\u00e9n\u00e9rateur et gestionnaire de mots de passe hors ligne<\/strong><\/p>\n<p><strong>Vous \u00eates-vous d\u00e9j\u00e0 r\u00e9veill\u00e9 en pensant \u00e0 l'endroit o\u00f9 vous avez sauvegard\u00e9 vos 127 mots de passe ?<\/strong> Ou pire encore, vous avez re\u00e7u l'e-mail \"Vos donn\u00e9es ont \u00e9t\u00e9 compromises\" : \"Vos donn\u00e9es ont \u00e9t\u00e9 compromises\" ?<\/p>\n<p>Dans un monde o\u00f9 votre identit\u00e9 num\u00e9rique est aussi fragile qu'un ch\u00e2teau de cartes, KEYBOKY est l'ancre analogique qu'aucun pirate ne peut toucher.<\/p>\n<p><strong>KEYBOKY n'est pas seulement un livre de mots de passe - c'est une d\u00e9claration d'ind\u00e9pendance num\u00e9rique.<\/strong> Ce syst\u00e8me vous donne le contr\u00f4le gr\u00e2ce \u00e0 des grilles de caract\u00e8res al\u00e9atoires qui font de la cr\u00e9ation de mots de passe une exp\u00e9rience s\u00fbre et presque ludique.<\/p>\n<p>Comment fonctionne cette magie analogique :<\/p>\n<p>Chaque page pr\u00e9sente une grille de caract\u00e8res al\u00e9atoires - un oc\u00e9an de possibilit\u00e9s. Vous naviguez sur cette carte avec la m\u00e9thode \"snake-like\" ou le syst\u00e8me \"Battleship\" : un itin\u00e9raire personnel qui rassemble des caract\u00e8res pour des mots de passe impossibles \u00e0 pr\u00e9dire. Vous ne partagez les coordonn\u00e9es qu'avec qui vous voulez, comme deux espions utilisant le m\u00eame livre pour crypter des messages.<\/p>\n<p>KEYBOKY est votre forteresse imprenable :<\/p>\n<ul>\n<li><strong>100% hors ligne<\/strong> - Alors que les pirates informatiques creusent des tunnels num\u00e9riques, votre forteresse de papier reste inviolable<\/li>\n<li><strong>R\u00e9sistance totale au phishing<\/strong> - Aucun lien trompeur ne peut voler des informations d'identification qui n'existent que sur papier, comme un tr\u00e9sor qui n'existe que sur une carte que vous gardez sous votre oreiller. Votre r\u00e9sistance au phishing est totale<\/li>\n<li><strong>Coordonner le partage<\/strong> - \"Utilisez A3, puis G7, puis F2\" est un code que seuls ceux qui ont le m\u00eame KEYBOKY peuvent d\u00e9chiffrer.<\/li>\n<li><strong>Sauvegarde imm\u00e9diate<\/strong> - Deux copies signifient une double s\u00e9curit\u00e9, comme la conservation d'un double de la cl\u00e9 que personne ne peut cloner<\/li>\n<li><strong>H\u00e9ritage num\u00e9rique simplifi\u00e9<\/strong> - Le seul gestionnaire de mots de passe que vous pouvez litt\u00e9ralement l\u00e9guer \u00e0 vos h\u00e9ritiers<\/li>\n<\/ul>\n<p>\u00cates-vous toujours convaincu que votre gestionnaire de mots de passe en ligne est invincible ou \u00eates-vous pr\u00eat \u00e0 reprendre le contr\u00f4le de votre vie num\u00e9rique ? Prenez un surligneur, ouvrez KEYBOKY et dessinez votre labyrinthe de s\u00e9curit\u00e9 personnel. La r\u00e9volution de la s\u00e9curit\u00e9 num\u00e9rique analogique n'attend plus que vous.<\/p>","protected":false},"excerpt":{"rendered":"<p><strong>KEYBOKY - L'ultime g\u00e9n\u00e9rateur et gestionnaire de mots de passe hors ligne<\/strong><\/p>\n<ul>\n<li><strong>100% hors ligne<\/strong> - Alors que les pirates informatiques creusent des tunnels num\u00e9riques, votre forteresse de papier reste inviolable<\/li>\n<li><strong>R\u00e9sistance totale au phishing<\/strong> - Aucun lien trompeur ne peut voler des informations d'identification qui n'existent que sur papier, comme un tr\u00e9sor qui n'existe que sur une carte que vous gardez sous votre oreiller. Votre r\u00e9sistance au phishing est totale<\/li>\n<li><strong>Coordonner le partage<\/strong> - \"Utilisez A3, puis G7, puis F2\" est un code que seuls ceux qui ont le m\u00eame KEYBOKY peuvent d\u00e9chiffrer.<\/li>\n<li><strong>Sauvegarde imm\u00e9diate<\/strong> - Deux copies signifient une double s\u00e9curit\u00e9, comme la conservation d'un double de la cl\u00e9 que personne ne peut cloner<\/li>\n<li><strong>H\u00e9ritage num\u00e9rique simplifi\u00e9<\/strong> - Le seul gestionnaire de mots de passe que vous pouvez litt\u00e9ralement l\u00e9guer \u00e0 vos h\u00e9ritiers<\/li>\n<\/ul>","protected":false},"featured_media":269,"template":"","meta":{"_et_pb_use_builder":"","_et_pb_old_content":"","_et_gb_content_width":"","jetpack_publicize_message":"","jetpack_publicize_feature_enabled":true,"jetpack_social_post_already_shared":false,"jetpack_social_options":{"image_generator_settings":{"template":"highway","default_image_id":0,"font":"","enabled":false},"version":2}},"product_brand":[],"product_cat":[19],"product_tag":[],"class_list":{"0":"post-343","1":"product","2":"type-product","3":"status-publish","4":"has-post-thumbnail","6":"product_cat-standard","8":"first","9":"instock","10":"sale","11":"taxable","12":"shipping-taxable","13":"purchasable","14":"product-type-simple"},"jetpack_publicize_connections":[],"jetpack_sharing_enabled":true,"_links":{"self":[{"href":"https:\/\/keyboky.swiss\/fr\/wp-json\/wp\/v2\/product\/343","targetHints":{"allow":["GET"]}}],"collection":[{"href":"https:\/\/keyboky.swiss\/fr\/wp-json\/wp\/v2\/product"}],"about":[{"href":"https:\/\/keyboky.swiss\/fr\/wp-json\/wp\/v2\/types\/product"}],"wp:featuredmedia":[{"embeddable":true,"href":"https:\/\/keyboky.swiss\/fr\/wp-json\/wp\/v2\/media\/269"}],"wp:attachment":[{"href":"https:\/\/keyboky.swiss\/fr\/wp-json\/wp\/v2\/media?parent=343"}],"wp:term":[{"taxonomy":"product_brand","embeddable":true,"href":"https:\/\/keyboky.swiss\/fr\/wp-json\/wp\/v2\/product_brand?post=343"},{"taxonomy":"product_cat","embeddable":true,"href":"https:\/\/keyboky.swiss\/fr\/wp-json\/wp\/v2\/product_cat?post=343"},{"taxonomy":"product_tag","embeddable":true,"href":"https:\/\/keyboky.swiss\/fr\/wp-json\/wp\/v2\/product_tag?post=343"}],"curies":[{"name":"wp","href":"https:\/\/api.w.org\/{rel}","templated":true}]}}