{"id":341,"date":"2025-03-21T07:52:25","date_gmt":"2025-03-21T07:52:25","guid":{"rendered":"https:\/\/keyboky.swiss\/it\/prodotto\/keyboky-offline-password-generator-and-manager\/"},"modified":"2025-04-02T20:19:29","modified_gmt":"2025-04-02T19:19:29","slug":"keyboky-generatore-password-offline-premium-edition","status":"publish","type":"product","link":"https:\/\/keyboky.swiss\/es\/negozio\/premium\/generador-y-gestor-de-contrasenas-offline-keyboky\/","title":{"rendered":"KEYBOKY - Generador y gestor de contrase\u00f1as offline - EDICI\u00d3N PREMIUM"},"content":{"rendered":"<p><strong>KEYBOKY - El Generador y Gestor de Contrase\u00f1as Offline definitivo<\/strong><\/p>\n<p><em><strong>Edici\u00f3n PREMIUM<\/strong>Impresi\u00f3n en color de primera calidad sobre papel blanco de primera calidad que facilita la lectura. La tapa dura ofrece una protecci\u00f3n adicional contra el desgaste diario y garantiza una durabilidad superior a lo largo del tiempo, un aspecto crucial para un art\u00edculo que est\u00e1 destinado a guardar sus secretos digitales durante a\u00f1os. La edici\u00f3n Premium no s\u00f3lo es m\u00e1s duradera, sino tambi\u00e9n m\u00e1s elegante.<\/em><\/p>\n<p><strong>\u00bfAlguna vez te has despertado pensando d\u00f3nde guardabas tus 127 contrase\u00f1as?<\/strong> O peor a\u00fan, \u00bfhas recibido el correo electr\u00f3nico \u00bf\"Sus datos han sido comprometidos\"?<\/p>\n<p>En un mundo en el que tu identidad digital es tan fr\u00e1gil como un castillo de naipes, KEYBOKY es el ancla anal\u00f3gica que ning\u00fan hacker puede tocar.<\/p>\n<p><strong>KEYBOKY no es s\u00f3lo un libro de contrase\u00f1as: es una declaraci\u00f3n de independencia digital.<\/strong> Este sistema te da el control a trav\u00e9s de cuadr\u00edculas de caracteres aleatorios que hacen de la creaci\u00f3n de contrase\u00f1as una experiencia segura y casi l\u00fadica.<\/p>\n<p>C\u00f3mo funciona esta magia anal\u00f3gica:<\/p>\n<p>Cada p\u00e1gina presenta una cuadr\u00edcula de caracteres aleatorios: un oc\u00e9ano de posibilidades. Navegas por este mapa con el m\u00e9todo \"serpiente\" o el sistema \"acorazado\": una ruta personal que recoge caracteres para contrase\u00f1as imposibles de predecir. S\u00f3lo compartes las coordenadas con quien t\u00fa quieras, como dos esp\u00edas que utilizan el mismo libro para cifrar mensajes.<\/p>\n<p>KEYBOKY es tu fortaleza inexpugnable:<\/p>\n<ul>\n<li><strong>100% Fuera de l\u00ednea<\/strong> - Mientras los hackers cavan t\u00faneles digitales, tu fortaleza de papel permanece inviolable<\/li>\n<li><strong>Resistencia total al phishing<\/strong> - Ning\u00fan enlace enga\u00f1oso puede robar credenciales que s\u00f3lo existen en papel, como un tesoro que s\u00f3lo existe en un mapa que guardas bajo la almohada. Su resistencia al phishing es total<\/li>\n<li><strong>Coordinar el reparto<\/strong> - \"Usa A3, luego G7, luego F2\" es un c\u00f3digo que s\u00f3lo los que tienen el mismo TECLADO pueden descifrar<\/li>\n<li><strong>Copia de seguridad inmediata<\/strong> - Dos copias significan doble seguridad, como tener una llave de repuesto que nadie pueda clonar.<\/li>\n<li><strong>Herencia digital simplificada<\/strong> - El \u00fanico gestor de contrase\u00f1as que puede legar literalmente a sus herederos<\/li>\n<\/ul>\n<p>\u00bfSigues convencido de que tu gestor de contrase\u00f1as online es invencible o est\u00e1s listo para recuperar el control de tu vida digital? Coge un rotulador, abre KEYBOKY y dise\u00f1a tu propio laberinto de seguridad personal. La revoluci\u00f3n de la seguridad digital anal\u00f3gica te est\u00e1 esperando.<\/p>","protected":false},"excerpt":{"rendered":"<p><strong>KEYBOKY - El Generador y Gestor de Contrase\u00f1as Offline definitivo<\/strong><\/p>\n<p><em><strong>Edici\u00f3n PREMIUM<\/strong>Impresi\u00f3n en color de primera calidad sobre papel blanco de primera calidad que facilita la lectura. La tapa dura ofrece una protecci\u00f3n adicional contra el desgaste diario y garantiza una durabilidad superior a lo largo del tiempo, un aspecto crucial para un art\u00edculo que est\u00e1 destinado a guardar sus secretos digitales durante a\u00f1os. La edici\u00f3n Premium no s\u00f3lo es m\u00e1s duradera, sino tambi\u00e9n m\u00e1s elegante.<\/em><\/p>\n<ul>\n<li><strong>100% Fuera de l\u00ednea<\/strong> - Mientras los hackers cavan t\u00faneles digitales, tu fortaleza de papel permanece inviolable<\/li>\n<li><strong>Resistencia total al phishing<\/strong> - Ning\u00fan enlace enga\u00f1oso puede robar credenciales que s\u00f3lo existen en papel, como un tesoro que s\u00f3lo existe en un mapa que guardas bajo la almohada. Su resistencia al phishing es total<\/li>\n<li><strong>Coordinar el reparto<\/strong> - \"Usa A3, luego G7, luego F2\" es un c\u00f3digo que s\u00f3lo los que tienen el mismo TECLADO pueden descifrar<\/li>\n<li><strong>Copia de seguridad inmediata<\/strong> - Dos copias significan doble seguridad, como tener una llave de repuesto que nadie pueda clonar.<\/li>\n<li><strong>Herencia digital simplificada<\/strong> - El \u00fanico gestor de contrase\u00f1as que puede legar literalmente a sus herederos<\/li>\n<\/ul>","protected":false},"featured_media":528,"template":"","meta":{"_et_pb_use_builder":"","_et_pb_old_content":"","_et_gb_content_width":"","jetpack_publicize_message":"","jetpack_publicize_feature_enabled":true,"jetpack_social_post_already_shared":false,"jetpack_social_options":{"image_generator_settings":{"template":"highway","default_image_id":0,"font":"","enabled":false},"version":2}},"product_brand":[],"product_cat":[20],"product_tag":[],"class_list":{"0":"post-341","1":"product","2":"type-product","3":"status-publish","4":"has-post-thumbnail","6":"product_cat-premium","8":"first","9":"instock","10":"sale","11":"taxable","12":"shipping-taxable","13":"purchasable","14":"product-type-simple"},"jetpack_publicize_connections":[],"jetpack_sharing_enabled":true,"_links":{"self":[{"href":"https:\/\/keyboky.swiss\/es\/wp-json\/wp\/v2\/product\/341","targetHints":{"allow":["GET"]}}],"collection":[{"href":"https:\/\/keyboky.swiss\/es\/wp-json\/wp\/v2\/product"}],"about":[{"href":"https:\/\/keyboky.swiss\/es\/wp-json\/wp\/v2\/types\/product"}],"wp:featuredmedia":[{"embeddable":true,"href":"https:\/\/keyboky.swiss\/es\/wp-json\/wp\/v2\/media\/528"}],"wp:attachment":[{"href":"https:\/\/keyboky.swiss\/es\/wp-json\/wp\/v2\/media?parent=341"}],"wp:term":[{"taxonomy":"product_brand","embeddable":true,"href":"https:\/\/keyboky.swiss\/es\/wp-json\/wp\/v2\/product_brand?post=341"},{"taxonomy":"product_cat","embeddable":true,"href":"https:\/\/keyboky.swiss\/es\/wp-json\/wp\/v2\/product_cat?post=341"},{"taxonomy":"product_tag","embeddable":true,"href":"https:\/\/keyboky.swiss\/es\/wp-json\/wp\/v2\/product_tag?post=341"}],"curies":[{"name":"wp","href":"https:\/\/api.w.org\/{rel}","templated":true}]}}