{"id":343,"date":"2025-03-21T07:52:38","date_gmt":"2025-03-21T07:52:38","guid":{"rendered":"https:\/\/keyboky.swiss\/it\/prodotto\/keyboky-offline-password-generator-and-manager-2\/"},"modified":"2025-03-26T11:06:26","modified_gmt":"2025-03-26T10:06:26","slug":"il-generatore-gestore-password-offline-definitivo","status":"publish","type":"product","link":"https:\/\/keyboky.swiss\/de\/negozio\/standard\/keyboky-offline-passwort-generator-und-manager-2\/","title":{"rendered":"KEYBOKY | Offline Passwort-Generator und -Manager"},"content":{"rendered":"<p><strong>KEYBOKY - Der ultimative Offline-Passwort-Generator und -Manager<\/strong><\/p>\n<p><strong>Sind Sie schon einmal aufgewacht und haben dar\u00fcber nachgedacht, wo Sie Ihre 127 Passw\u00f6rter gespeichert haben?<\/strong> Oder noch schlimmer, die E-Mail erhalten: \"Ihre Daten wurden kompromittiert\"?<\/p>\n<p>In einer Welt, in der Ihre digitale Identit\u00e4t so zerbrechlich ist wie ein Kartenhaus, ist KEYBOKY der analoge Anker, dem kein Hacker etwas anhaben kann.<\/p>\n<p><strong>KEYBOKY ist nicht nur ein Passwortbuch - es ist eine Erkl\u00e4rung der digitalen Unabh\u00e4ngigkeit.<\/strong> Dieses System gibt Ihnen die Kontrolle durch zuf\u00e4llige Zeichenraster, die das Erstellen von Passw\u00f6rtern zu einer sicheren und fast spielerischen Erfahrung machen.<\/p>\n<p>Wie diese analoge Magie funktioniert:<\/p>\n<p>Jede Seite pr\u00e4sentiert ein Raster aus zuf\u00e4lligen Zeichen - ein Meer von M\u00f6glichkeiten. Sie navigieren auf dieser Karte mit der \"Schlangenmethode\" oder dem \"Battleship\"-System: eine pers\u00f6nliche Route, die Zeichen f\u00fcr Passw\u00f6rter sammelt, die nicht vorhersehbar sind. Sie teilen die Koordinaten nur mit denjenigen, die Sie wollen, wie zwei Spione, die dasselbe Buch zum Verschl\u00fcsseln von Nachrichten benutzen.<\/p>\n<p>KEYBOKY ist Ihre uneinnehmbare Festung:<\/p>\n<ul>\n<li><strong>100% Offline<\/strong> - W\u00e4hrend Hacker digitale Tunnel graben, bleibt Ihre Papierfestung unantastbar<\/li>\n<li><strong>Phishing-Widerstand insgesamt<\/strong> - Kein betr\u00fcgerischer Link kann Anmeldedaten stehlen, die nur auf dem Papier existieren, wie ein Schatz, den es nur auf einer Karte gibt, die Sie unter Ihrem Kopfkissen aufbewahren. Ihr Widerstand gegen Phishing ist total<\/li>\n<li><strong>Gemeinsame Nutzung koordinieren<\/strong> - \"Benutze A3, dann G7, dann F2\" ist ein Code, den nur diejenigen entziffern k\u00f6nnen, die das gleiche KEYBOKY haben<\/li>\n<li><strong>Sofortige Sicherung<\/strong> - Zwei Kopien bedeuten doppelte Sicherheit, so wie ein Ersatzschl\u00fcssel, den niemand kopieren kann.<\/li>\n<li><strong>Vereinfachte digitale Vererbung<\/strong> - Der einzige Passwort-Manager, den Sie buchst\u00e4blich an Ihre Erben vererben k\u00f6nnen<\/li>\n<\/ul>\n<p>Sind Sie immer noch davon \u00fcberzeugt, dass Ihr Online-Passwortmanager unbesiegbar ist, oder sind Sie bereit, die Kontrolle \u00fcber Ihr digitales Leben zur\u00fcckzugewinnen? Nehmen Sie einen Textmarker, \u00f6ffnen Sie KEYBOKY und zeichnen Sie Ihr pers\u00f6nliches Sicherheitslabyrinth. Die analoge digitale Sicherheitsrevolution wartet auf Sie.<\/p>","protected":false},"excerpt":{"rendered":"<p><strong>KEYBOKY - Der ultimative Offline-Passwort-Generator und -Manager<\/strong><\/p>\n<ul>\n<li><strong>100% Offline<\/strong> - W\u00e4hrend Hacker digitale Tunnel graben, bleibt Ihre Papierfestung unantastbar<\/li>\n<li><strong>Phishing-Widerstand insgesamt<\/strong> - Kein betr\u00fcgerischer Link kann Anmeldedaten stehlen, die nur auf dem Papier existieren, wie ein Schatz, den es nur auf einer Karte gibt, die Sie unter Ihrem Kopfkissen aufbewahren. Ihr Widerstand gegen Phishing ist total<\/li>\n<li><strong>Gemeinsame Nutzung koordinieren<\/strong> - \"Benutze A3, dann G7, dann F2\" ist ein Code, den nur diejenigen entziffern k\u00f6nnen, die das gleiche KEYBOKY haben<\/li>\n<li><strong>Sofortige Sicherung<\/strong> - Zwei Kopien bedeuten doppelte Sicherheit, so wie ein Ersatzschl\u00fcssel, den niemand kopieren kann.<\/li>\n<li><strong>Vereinfachte digitale Vererbung<\/strong> - Der einzige Passwort-Manager, den Sie buchst\u00e4blich an Ihre Erben vererben k\u00f6nnen<\/li>\n<\/ul>","protected":false},"featured_media":269,"template":"","meta":{"_et_pb_use_builder":"","_et_pb_old_content":"","_et_gb_content_width":"","jetpack_publicize_message":"","jetpack_publicize_feature_enabled":true,"jetpack_social_post_already_shared":false,"jetpack_social_options":{"image_generator_settings":{"template":"highway","default_image_id":0,"font":"","enabled":false},"version":2}},"product_brand":[],"product_cat":[19],"product_tag":[],"class_list":{"0":"post-343","1":"product","2":"type-product","3":"status-publish","4":"has-post-thumbnail","6":"product_cat-standard","8":"first","9":"instock","10":"sale","11":"taxable","12":"shipping-taxable","13":"purchasable","14":"product-type-simple"},"jetpack_publicize_connections":[],"jetpack_sharing_enabled":true,"_links":{"self":[{"href":"https:\/\/keyboky.swiss\/de\/wp-json\/wp\/v2\/product\/343","targetHints":{"allow":["GET"]}}],"collection":[{"href":"https:\/\/keyboky.swiss\/de\/wp-json\/wp\/v2\/product"}],"about":[{"href":"https:\/\/keyboky.swiss\/de\/wp-json\/wp\/v2\/types\/product"}],"wp:featuredmedia":[{"embeddable":true,"href":"https:\/\/keyboky.swiss\/de\/wp-json\/wp\/v2\/media\/269"}],"wp:attachment":[{"href":"https:\/\/keyboky.swiss\/de\/wp-json\/wp\/v2\/media?parent=343"}],"wp:term":[{"taxonomy":"product_brand","embeddable":true,"href":"https:\/\/keyboky.swiss\/de\/wp-json\/wp\/v2\/product_brand?post=343"},{"taxonomy":"product_cat","embeddable":true,"href":"https:\/\/keyboky.swiss\/de\/wp-json\/wp\/v2\/product_cat?post=343"},{"taxonomy":"product_tag","embeddable":true,"href":"https:\/\/keyboky.swiss\/de\/wp-json\/wp\/v2\/product_tag?post=343"}],"curies":[{"name":"wp","href":"https:\/\/api.w.org\/{rel}","templated":true}]}}